{"id":52,"date":"2024-05-09T02:23:01","date_gmt":"2024-05-09T00:23:01","guid":{"rendered":"http:\/\/elbacus.cluster051.hosting.ovh.net\/index.php\/home\/"},"modified":"2024-10-24T07:58:20","modified_gmt":"2024-10-24T11:58:20","slug":"home","status":"publish","type":"page","link":"https:\/\/elbacupuncture.com\/","title":{"rendered":"Accueil"},"content":{"rendered":"\t\t<div data-elementor-type=\"wp-page\" data-elementor-id=\"52\" class=\"elementor elementor-52\">\n\t\t\t\t<div class=\"elementor-element elementor-element-0555910 e-flex e-con-boxed e-con e-parent\" data-id=\"0555910\" data-element_type=\"container\">\n\t\t\t\t\t<div class=\"e-con-inner\">\n\t\t\t\t<div class=\"elementor-element elementor-element-5505d7c elementor-widget elementor-widget-heading\" data-id=\"5505d7c\" data-element_type=\"widget\" data-widget_type=\"heading.default\">\n\t\t\t\t<div class=\"elementor-widget-container\">\n\t\t\t<style>\/*! elementor - v3.23.0 - 05-08-2024 *\/\n.elementor-heading-title{padding:0;margin:0;line-height:1}.elementor-widget-heading .elementor-heading-title[class*=elementor-size-]>a{color:inherit;font-size:inherit;line-height:inherit}.elementor-widget-heading .elementor-heading-title.elementor-size-small{font-size:15px}.elementor-widget-heading .elementor-heading-title.elementor-size-medium{font-size:19px}.elementor-widget-heading .elementor-heading-title.elementor-size-large{font-size:29px}.elementor-widget-heading .elementor-heading-title.elementor-size-xl{font-size:39px}.elementor-widget-heading .elementor-heading-title.elementor-size-xxl{font-size:59px}<\/style><h1 class=\"elementor-heading-title elementor-size-default\">\u00c9lise<br>L\u00e9tourneau-Berger<\/h1>\t\t<\/div>\n\t\t\t\t<\/div>\n\t\t\t\t<div class=\"elementor-element elementor-element-58f0844 elementor-widget elementor-widget-heading\" data-id=\"58f0844\" data-element_type=\"widget\" data-widget_type=\"heading.default\">\n\t\t\t\t<div class=\"elementor-widget-container\">\n\t\t\t<h2 class=\"elementor-heading-title elementor-size-default\">Acupunctrice<\/h2>\t\t<\/div>\n\t\t\t\t<\/div>\n\t\t\t\t\t<\/div>\n\t\t\t\t<\/div>\n\t\t<div class=\"elementor-element elementor-element-1697ded0 e-con-full e-flex e-con e-parent\" data-id=\"1697ded0\" data-element_type=\"container\" data-settings=\"{&quot;background_background&quot;:&quot;classic&quot;}\">\n\t\t<div class=\"elementor-element elementor-element-4fa65dce e-con-full e-transform e-flex e-con e-child\" data-id=\"4fa65dce\" data-element_type=\"container\" data-settings=\"{&quot;background_background&quot;:&quot;classic&quot;,&quot;_transform_translateY_effect&quot;:{&quot;unit&quot;:&quot;vh&quot;,&quot;size&quot;:-10,&quot;sizes&quot;:[]},&quot;_transform_translateY_effect_tablet&quot;:{&quot;unit&quot;:&quot;vh&quot;,&quot;size&quot;:-5,&quot;sizes&quot;:[]},&quot;_transform_translateY_effect_mobile&quot;:{&quot;unit&quot;:&quot;vh&quot;,&quot;size&quot;:-2,&quot;sizes&quot;:[]},&quot;_transform_translateX_effect&quot;:{&quot;unit&quot;:&quot;px&quot;,&quot;size&quot;:&quot;&quot;,&quot;sizes&quot;:[]},&quot;_transform_translateX_effect_tablet&quot;:{&quot;unit&quot;:&quot;px&quot;,&quot;size&quot;:&quot;&quot;,&quot;sizes&quot;:[]},&quot;_transform_translateX_effect_mobile&quot;:{&quot;unit&quot;:&quot;px&quot;,&quot;size&quot;:&quot;&quot;,&quot;sizes&quot;:[]}}\">\n\t\t\t\t<\/div>\n\t\t<div class=\"elementor-element elementor-element-5acba789 e-con-full e-flex e-con e-child\" data-id=\"5acba789\" data-element_type=\"container\">\n\t\t<div class=\"elementor-element elementor-element-5b1700be e-con-full e-flex e-con e-child\" data-id=\"5b1700be\" data-element_type=\"container\">\n\t\t\t\t<div class=\"elementor-element elementor-element-40c45974 elementor-widget-tablet__width-initial elementor-widget__width-inherit elementor-widget elementor-widget-heading\" data-id=\"40c45974\" data-element_type=\"widget\" data-widget_type=\"heading.default\">\n\t\t\t\t<div class=\"elementor-widget-container\">\n\t\t\t<h1 class=\"elementor-heading-title elementor-size-default\">L'acupuncture est venue\nsur mon chemin comme une suite logique des choses lorsque je fus initi\u00e9e\n\u00e0 la philosophie m\u00e9dicale chinoise et ses fondements tao\u00efstes.<\/h1>\t\t<\/div>\n\t\t\t\t<\/div>\n\t\t\t\t<div class=\"elementor-element elementor-element-85faa96 elementor-widget-tablet__width-inherit elementor-widget-mobile__width-inherit elementor-widget__width-inherit elementor-widget elementor-widget-text-editor\" data-id=\"85faa96\" data-element_type=\"widget\" data-widget_type=\"text-editor.default\">\n\t\t\t\t<div class=\"elementor-widget-container\">\n\t\t\t<style>\/*! elementor - v3.23.0 - 05-08-2024 *\/\n.elementor-widget-text-editor.elementor-drop-cap-view-stacked .elementor-drop-cap{background-color:#69727d;color:#fff}.elementor-widget-text-editor.elementor-drop-cap-view-framed .elementor-drop-cap{color:#69727d;border:3px solid;background-color:transparent}.elementor-widget-text-editor:not(.elementor-drop-cap-view-default) .elementor-drop-cap{margin-top:8px}.elementor-widget-text-editor:not(.elementor-drop-cap-view-default) .elementor-drop-cap-letter{width:1em;height:1em}.elementor-widget-text-editor .elementor-drop-cap{float:left;text-align:center;line-height:1;font-size:50px}.elementor-widget-text-editor .elementor-drop-cap-letter{display:inline-block}<\/style>\t\t\t\t<p>Humaniste et curieuse, je vois mon r\u00f4le comme celui d&rsquo;<strong>accompagnatrice<\/strong> <strong>du changement<\/strong>. J\u2019ai le d\u00e9sir d\u2019<strong>aider et de soutenir<\/strong> les gens dans leur <strong>d\u00e9marche de bien-\u00eatre physique<\/strong>, <strong>psychologique <\/strong>et<strong> \u00e9motif<\/strong>.<\/p><p>Pour moi, \u00eatre acupunctrice est davantage qu\u2019une profession, <strong>c\u2019est un moyen d\u2019\u00eatre en phase avec mes valeurs et de communiquer une philosophie<\/strong><br \/><strong>de vie compl\u00e8te<\/strong>.<\/p><p>En plus de l\u2019acupuncture g\u00e9n\u00e9rale, j\u2019ai d\u00e9velopp\u00e9 un int\u00e9r\u00eat particulier \u00e0 traiter les <strong>conditions propres aux femmes<\/strong>. Ayant effectu\u00e9 un stage \u00e0 l\u2019h\u00f4pital LaSalle en obst\u00e9trique, je suis \u00e9galement outill\u00e9e pour accompagner les <strong>femmes enceintes<\/strong> tout au long de leur grossesse.<\/p>\t\t\t\t\t\t<\/div>\n\t\t\t\t<\/div>\n\t\t\t\t<div class=\"elementor-element elementor-element-0c5f22c elementor-widget-tablet__width-inherit elementor-widget-mobile__width-inherit elementor-widget elementor-widget-text-editor\" data-id=\"0c5f22c\" data-element_type=\"widget\" data-widget_type=\"text-editor.default\">\n\t\t\t\t<div class=\"elementor-widget-container\">\n\t\t\t\t\t\t\t<p>J\u2019enseigne aussi le yoga depuis 2020. Je suis pr\u00e9sentement dans l&rsquo;\u00e9quipe professorale du studio <a href=\"https:\/\/yogasamrimouski.com\/\"><strong>Yoga Sam<\/strong><\/a>\u2197.<\/p>\t\t\t\t\t\t<\/div>\n\t\t\t\t<\/div>\n\t\t\t\t<div class=\"elementor-element elementor-element-161b7c3 elementor-widget-tablet__width-inherit elementor-widget-mobile__width-inherit elementor-widget elementor-widget-text-editor\" data-id=\"161b7c3\" data-element_type=\"widget\" data-widget_type=\"text-editor.default\">\n\t\t\t\t<div class=\"elementor-widget-container\">\n\t\t\t\t\t\t\t<p>Je suis membre de l&rsquo;<a href=\"https:\/\/www.o-a-q.org\/fr\/Accueil.aspx\"><strong>Ordre des Acupuncteurs du Qu\u00e9bec<\/strong><\/a>\u2197(OAQ) depuis 2013.<\/p>\t\t\t\t\t\t<\/div>\n\t\t\t\t<\/div>\n\t\t\t\t<\/div>\n\t\t\t\t<\/div>\n\t\t\t\t<\/div>\n\t\t<div class=\"elementor-element elementor-element-6b21c9b7 e-con-full e-flex e-con e-parent\" data-id=\"6b21c9b7\" data-element_type=\"container\" data-settings=\"{&quot;background_background&quot;:&quot;classic&quot;}\">\n\t\t<div class=\"elementor-element elementor-element-176f11e5 e-con-full e-flex e-con e-child\" data-id=\"176f11e5\" data-element_type=\"container\">\n\t\t\t\t<div class=\"elementor-element elementor-element-738e0cb elementor-widget elementor-widget-heading\" data-id=\"738e0cb\" data-element_type=\"widget\" data-widget_type=\"heading.default\">\n\t\t\t\t<div class=\"elementor-widget-container\">\n\t\t\t<h1 class=\"elementor-heading-title elementor-size-default\">Mon bureau est situ\u00e9 \u00e0 Rimouski dans les locaux du cabinet d'acupuncture Point fleuve<\/h1>\t\t<\/div>\n\t\t\t\t<\/div>\n\t\t\t\t<div class=\"elementor-element elementor-element-14ac3f8 e-transform elementor-widget elementor-widget-text-editor\" data-id=\"14ac3f8\" data-element_type=\"widget\" data-settings=\"{&quot;_transform_translateX_effect&quot;:{&quot;unit&quot;:&quot;vw&quot;,&quot;size&quot;:5,&quot;sizes&quot;:[]},&quot;_transform_translateX_effect_tablet&quot;:{&quot;unit&quot;:&quot;vw&quot;,&quot;size&quot;:&quot;&quot;,&quot;sizes&quot;:[]},&quot;_transform_translateX_effect_mobile&quot;:{&quot;unit&quot;:&quot;vw&quot;,&quot;size&quot;:&quot;&quot;,&quot;sizes&quot;:[]},&quot;_transform_translateY_effect&quot;:{&quot;unit&quot;:&quot;px&quot;,&quot;size&quot;:&quot;&quot;,&quot;sizes&quot;:[]},&quot;_transform_translateY_effect_tablet&quot;:{&quot;unit&quot;:&quot;px&quot;,&quot;size&quot;:&quot;&quot;,&quot;sizes&quot;:[]},&quot;_transform_translateY_effect_mobile&quot;:{&quot;unit&quot;:&quot;px&quot;,&quot;size&quot;:&quot;&quot;,&quot;sizes&quot;:[]}}\" data-widget_type=\"text-editor.default\">\n\t\t\t\t<div class=\"elementor-widget-container\">\n\t\t\t\t\t\t\t<h2><strong>Adresse<\/strong><\/h2><p>5 Rue Saint-Paul<br \/>Suite 2<br \/>Rimouski, Qc. \u00a0G5L 1S8<\/p><h2><strong>Bo\u00eete vocale pour demande d&rsquo;informations<\/strong><\/h2><p>418.731.8498<\/p><h2><strong>Pour prendre rendez-vous<\/strong><\/h2><div class=\"gorendezvous-button\" data-professionalpagename=\"acupuncturepointfleuve\" data-bookingwidgeturlparams=\"companyId=135989\" data-language=\"fr\" data-label=\"Prendre un rendez-vous\" data-url=\"https:\/\/www.gorendezvous.com\/\" data-buttoncolor=\"custom\" data-width=\"280px\" data-height=\"50px\"><iframe id=\"GOrendezvousFrame\" width=\"280px\" height=\"50px\" frameborder=\"0\"><\/iframe><\/div><p><script>!function (d, s) { var js, sid = \"gorendezvous-bookingwidget-script\"; var sEl = d.getElementById(sid); if(sEl) { sEl.parentNode.removeChild(sEl); } js = d.createElement(s); js.id = sid; js.src = \"https:\/\/www.gorendezvous.com\/Scripts\/gorendezvous.bookingWidgetV2.min.js?v=\" + (Math.floor(new Date().getTime()\/(1000*60*30))*(1000*60*30)).toString(); d.body.appendChild(js); } (document, \"script\");<\/script><\/p><h2><strong>Pour toutes autres questions<\/strong><\/h2><p><a href=\"mailto:eliselberger.ac@gmail.com?subject=Votre sujet&quot;\" target=\"_blank\" rel=\"noopener\">eliselberger.ac@gmail.com<\/a><\/p><p>\u00a0<\/p>\t\t\t\t\t\t<\/div>\n\t\t\t\t<\/div>\n\t\t\t\t<\/div>\n\t\t\t\t<\/div>\n\t\t<div class=\"elementor-element elementor-element-d7f2881 e-con-full e-flex e-con e-parent\" data-id=\"d7f2881\" data-element_type=\"container\">\n\t\t\t\t<div class=\"elementor-element elementor-element-cafea5f elementor-widget elementor-widget-google_maps\" data-id=\"cafea5f\" data-element_type=\"widget\" data-widget_type=\"google_maps.default\">\n\t\t\t\t<div class=\"elementor-widget-container\">\n\t\t\t<style>\/*! elementor - v3.23.0 - 05-08-2024 *\/\n.elementor-widget-google_maps .elementor-widget-container{overflow:hidden}.elementor-widget-google_maps .elementor-custom-embed{line-height:0}.elementor-widget-google_maps iframe{height:300px}<\/style>\t\t<div class=\"elementor-custom-embed\">\n\t\t\t<iframe loading=\"lazy\"\n\t\t\t\t\tsrc=\"https:\/\/maps.google.com\/maps?q=2-5%20Rue%20Saint%20Paul%20Rimouski%2C%20Qu%C3%A9bec%2C%20Canada%20G5L%201S8&#038;t=m&#038;z=17&#038;output=embed&#038;iwloc=near\"\n\t\t\t\t\ttitle=\"2-5 Rue Saint Paul Rimouski, Qu\u00e9bec, Canada G5L 1S8\"\n\t\t\t\t\taria-label=\"2-5 Rue Saint Paul Rimouski, Qu\u00e9bec, Canada G5L 1S8\"\n\t\t\t><\/iframe>\n\t\t<\/div>\n\t\t\t\t<\/div>\n\t\t\t\t<\/div>\n\t\t\t\t<\/div>\n\t\t\t\t<\/div>\n\t\t","protected":false},"excerpt":{"rendered":"<p>\u00c9liseL\u00e9tourneau-Berger Acupunctrice L&rsquo;acupuncture est venue sur mon chemin comme une suite logique des choses lorsque je fus initi\u00e9e \u00e0 la philosophie m\u00e9dicale chinoise et ses fondements tao\u00efstes. Humaniste et curieuse, je vois mon r\u00f4le comme celui d&rsquo;accompagnatrice du changement. J\u2019ai le d\u00e9sir d\u2019aider et de soutenir les gens dans leur d\u00e9marche de bien-\u00eatre physique, psychologique [&hellip;]<\/p>\n","protected":false},"author":1,"featured_media":0,"parent":0,"menu_order":0,"comment_status":"closed","ping_status":"closed","template":"elementor_header_footer","meta":{"footnotes":""},"class_list":["post-52","page","type-page","status-publish","hentry"],"yoast_head":"<!-- This site is optimized with the Yoast SEO plugin v23.1 - https:\/\/yoast.com\/wordpress\/plugins\/seo\/ -->\n<title>Accueil &#8212; \u00c9lise L\u00e9tourneau-Berger Acupunctrice<\/title>\n<meta name=\"robots\" content=\"index, follow, max-snippet:-1, max-image-preview:large, max-video-preview:-1\" \/>\n<link rel=\"canonical\" href=\"https:\/\/elbacupuncture.com\/\" \/>\n<meta property=\"og:locale\" content=\"fr_FR\" \/>\n<meta property=\"og:type\" content=\"article\" \/>\n<meta property=\"og:title\" content=\"Accueil &#8212; \u00c9lise L\u00e9tourneau-Berger Acupunctrice\" \/>\n<meta property=\"og:description\" content=\"\u00c9liseL\u00e9tourneau-Berger Acupunctrice L&rsquo;acupuncture est venue sur mon chemin comme une suite logique des choses lorsque je fus initi\u00e9e \u00e0 la philosophie m\u00e9dicale chinoise et ses fondements tao\u00efstes. Humaniste et curieuse, je vois mon r\u00f4le comme celui d&rsquo;accompagnatrice du changement. J\u2019ai le d\u00e9sir d\u2019aider et de soutenir les gens dans leur d\u00e9marche de bien-\u00eatre physique, psychologique [&hellip;]\" \/>\n<meta property=\"og:url\" content=\"https:\/\/elbacupuncture.com\/\" \/>\n<meta property=\"og:site_name\" content=\"\u00c9lise L\u00e9tourneau-Berger Acupunctrice\" \/>\n<meta property=\"article:publisher\" content=\"www.facebook.com\/eliselberger.acupunctureRimouski\/\" \/>\n<meta property=\"article:modified_time\" content=\"2024-10-24T11:58:20+00:00\" \/>\n<meta name=\"twitter:card\" content=\"summary_large_image\" \/>\n<meta name=\"twitter:label1\" content=\"Dur\u00e9e de lecture estim\u00e9e\" \/>\n\t<meta name=\"twitter:data1\" content=\"1 minute\" \/>\n<script type=\"application\/ld+json\" class=\"yoast-schema-graph\">{\"@context\":\"https:\/\/schema.org\",\"@graph\":[{\"@type\":\"WebPage\",\"@id\":\"https:\/\/elbacupuncture.com\/\",\"url\":\"https:\/\/elbacupuncture.com\/\",\"name\":\"Accueil &#8212; \u00c9lise L\u00e9tourneau-Berger Acupunctrice\",\"isPartOf\":{\"@id\":\"https:\/\/elbacupuncture.com\/#website\"},\"datePublished\":\"2024-05-09T00:23:01+00:00\",\"dateModified\":\"2024-10-24T11:58:20+00:00\",\"breadcrumb\":{\"@id\":\"https:\/\/elbacupuncture.com\/#breadcrumb\"},\"inLanguage\":\"fr-FR\",\"potentialAction\":[{\"@type\":\"ReadAction\",\"target\":[\"https:\/\/elbacupuncture.com\/\"]}]},{\"@type\":\"BreadcrumbList\",\"@id\":\"https:\/\/elbacupuncture.com\/#breadcrumb\",\"itemListElement\":[{\"@type\":\"ListItem\",\"position\":1,\"name\":\"Accueil\",\"item\":\"https:\/\/elbacupuncture.com\/\"},{\"@type\":\"ListItem\",\"position\":2,\"name\":\"Accueil\"}]},{\"@type\":\"WebSite\",\"@id\":\"https:\/\/elbacupuncture.com\/#website\",\"url\":\"https:\/\/elbacupuncture.com\/\",\"name\":\"\u00c9lise L\u00e9tourneau-Berger Acupunctrice\",\"description\":\"Accompagnatrice de votre changement\",\"publisher\":{\"@id\":\"https:\/\/elbacupuncture.com\/#\/schema\/person\/c64c56620ee35e0a88a421330f2a6272\"},\"alternateName\":\"\u00c9lise L. Berger\",\"potentialAction\":[{\"@type\":\"SearchAction\",\"target\":{\"@type\":\"EntryPoint\",\"urlTemplate\":\"https:\/\/elbacupuncture.com\/?s={search_term_string}\"},\"query-input\":\"required name=search_term_string\"}],\"inLanguage\":\"fr-FR\"},{\"@type\":[\"Person\",\"Organization\"],\"@id\":\"https:\/\/elbacupuncture.com\/#\/schema\/person\/c64c56620ee35e0a88a421330f2a6272\",\"name\":\"\u00c9lise\",\"image\":{\"@type\":\"ImageObject\",\"inLanguage\":\"fr-FR\",\"@id\":\"https:\/\/elbacupuncture.com\/#\/schema\/person\/image\/\",\"url\":\"https:\/\/elbacupuncture.com\/wp-content\/uploads\/2024\/05\/EliseLB_0106.jpg.webp\",\"contentUrl\":\"https:\/\/elbacupuncture.com\/wp-content\/uploads\/2024\/05\/EliseLB_0106.jpg.webp\",\"width\":818,\"height\":818,\"caption\":\"\u00c9lise\"},\"logo\":{\"@id\":\"https:\/\/elbacupuncture.com\/#\/schema\/person\/image\/\"},\"sameAs\":[\"http:\/\/elbacupuncture.com\",\"www.facebook.com\/eliselberger.acupunctureRimouski\/\"]}]}<\/script>\n<!-- \/ Yoast SEO plugin. -->","yoast_head_json":{"title":"Accueil &#8212; \u00c9lise L\u00e9tourneau-Berger Acupunctrice","robots":{"index":"index","follow":"follow","max-snippet":"max-snippet:-1","max-image-preview":"max-image-preview:large","max-video-preview":"max-video-preview:-1"},"canonical":"https:\/\/elbacupuncture.com\/","og_locale":"fr_FR","og_type":"article","og_title":"Accueil &#8212; \u00c9lise L\u00e9tourneau-Berger Acupunctrice","og_description":"\u00c9liseL\u00e9tourneau-Berger Acupunctrice L&rsquo;acupuncture est venue sur mon chemin comme une suite logique des choses lorsque je fus initi\u00e9e \u00e0 la philosophie m\u00e9dicale chinoise et ses fondements tao\u00efstes. Humaniste et curieuse, je vois mon r\u00f4le comme celui d&rsquo;accompagnatrice du changement. J\u2019ai le d\u00e9sir d\u2019aider et de soutenir les gens dans leur d\u00e9marche de bien-\u00eatre physique, psychologique [&hellip;]","og_url":"https:\/\/elbacupuncture.com\/","og_site_name":"\u00c9lise L\u00e9tourneau-Berger Acupunctrice","article_publisher":"www.facebook.com\/eliselberger.acupunctureRimouski\/","article_modified_time":"2024-10-24T11:58:20+00:00","twitter_card":"summary_large_image","twitter_misc":{"Dur\u00e9e de lecture estim\u00e9e":"1 minute"},"schema":{"@context":"https:\/\/schema.org","@graph":[{"@type":"WebPage","@id":"https:\/\/elbacupuncture.com\/","url":"https:\/\/elbacupuncture.com\/","name":"Accueil &#8212; \u00c9lise L\u00e9tourneau-Berger Acupunctrice","isPartOf":{"@id":"https:\/\/elbacupuncture.com\/#website"},"datePublished":"2024-05-09T00:23:01+00:00","dateModified":"2024-10-24T11:58:20+00:00","breadcrumb":{"@id":"https:\/\/elbacupuncture.com\/#breadcrumb"},"inLanguage":"fr-FR","potentialAction":[{"@type":"ReadAction","target":["https:\/\/elbacupuncture.com\/"]}]},{"@type":"BreadcrumbList","@id":"https:\/\/elbacupuncture.com\/#breadcrumb","itemListElement":[{"@type":"ListItem","position":1,"name":"Accueil","item":"https:\/\/elbacupuncture.com\/"},{"@type":"ListItem","position":2,"name":"Accueil"}]},{"@type":"WebSite","@id":"https:\/\/elbacupuncture.com\/#website","url":"https:\/\/elbacupuncture.com\/","name":"\u00c9lise L\u00e9tourneau-Berger Acupunctrice","description":"Accompagnatrice de votre changement","publisher":{"@id":"https:\/\/elbacupuncture.com\/#\/schema\/person\/c64c56620ee35e0a88a421330f2a6272"},"alternateName":"\u00c9lise L. Berger","potentialAction":[{"@type":"SearchAction","target":{"@type":"EntryPoint","urlTemplate":"https:\/\/elbacupuncture.com\/?s={search_term_string}"},"query-input":"required name=search_term_string"}],"inLanguage":"fr-FR"},{"@type":["Person","Organization"],"@id":"https:\/\/elbacupuncture.com\/#\/schema\/person\/c64c56620ee35e0a88a421330f2a6272","name":"\u00c9lise","image":{"@type":"ImageObject","inLanguage":"fr-FR","@id":"https:\/\/elbacupuncture.com\/#\/schema\/person\/image\/","url":"https:\/\/elbacupuncture.com\/wp-content\/uploads\/2024\/05\/EliseLB_0106.jpg.webp","contentUrl":"https:\/\/elbacupuncture.com\/wp-content\/uploads\/2024\/05\/EliseLB_0106.jpg.webp","width":818,"height":818,"caption":"\u00c9lise"},"logo":{"@id":"https:\/\/elbacupuncture.com\/#\/schema\/person\/image\/"},"sameAs":["http:\/\/elbacupuncture.com","www.facebook.com\/eliselberger.acupunctureRimouski\/"]}]}},"_links":{"self":[{"href":"https:\/\/elbacupuncture.com\/index.php\/wp-json\/wp\/v2\/pages\/52","targetHints":{"allow":["GET"]}}],"collection":[{"href":"https:\/\/elbacupuncture.com\/index.php\/wp-json\/wp\/v2\/pages"}],"about":[{"href":"https:\/\/elbacupuncture.com\/index.php\/wp-json\/wp\/v2\/types\/page"}],"author":[{"embeddable":true,"href":"https:\/\/elbacupuncture.com\/index.php\/wp-json\/wp\/v2\/users\/1"}],"replies":[{"embeddable":true,"href":"https:\/\/elbacupuncture.com\/index.php\/wp-json\/wp\/v2\/comments?post=52"}],"version-history":[{"count":107,"href":"https:\/\/elbacupuncture.com\/index.php\/wp-json\/wp\/v2\/pages\/52\/revisions"}],"predecessor-version":[{"id":234,"href":"https:\/\/elbacupuncture.com\/index.php\/wp-json\/wp\/v2\/pages\/52\/revisions\/234"}],"wp:attachment":[{"href":"https:\/\/elbacupuncture.com\/index.php\/wp-json\/wp\/v2\/media?parent=52"}],"curies":[{"name":"wp","href":"https:\/\/api.w.org\/{rel}","templated":true}]}}